{"id":3084,"date":"2020-02-18T11:34:13","date_gmt":"2020-02-18T11:34:13","guid":{"rendered":"http:\/\/apartamentosastoria.com\/larga-estancia-copy\/"},"modified":"2020-04-23T09:17:01","modified_gmt":"2020-04-23T09:17:01","slug":"appartements-de-long-sejour-a-tarragone","status":"publish","type":"page","link":"https:\/\/www.apartamentosastoria.com\/fr\/appartements-de-long-sejour-a-tarragone\/","title":{"rendered":"Long s\u00e9jour"},"content":{"rendered":"<p><div class=\"fusion-fullwidth fullwidth-box fusion-builder-row-1 nonhundred-percent-fullwidth non-hundred-percent-height-scrolling\" style=\"background-color: #f7f7f7;background-position: left top;background-repeat: no-repeat;padding-top:5%;padding-right:0px;padding-bottom:5%;padding-left:0px;margin-bottom: 0px;margin-top: 0px;border-width: 0px 0px 0px 0px;border-color:#f7f7f7;border-style:solid;\" ><div class=\"fusion-builder-row fusion-row\"><div class=\"fusion-layout-column fusion_builder_column fusion-builder-column-0 fusion_builder_column_1_3 1_3 fusion-one-third fusion-column-first\" style=\"width:33.333333333333%;width:calc(33.333333333333% - ( ( 4% ) * 0.33333333333333 ) );margin-right: 4%;margin-top:15px;margin-bottom:15px;\"><div class=\"fusion-column-wrapper fusion-flex-column-wrapper-legacy\" style=\"background-position:left top;background-repeat:no-repeat;-webkit-background-size:cover;-moz-background-size:cover;-o-background-size:cover;background-size:cover;padding: 0px 0px 0px 0px;\"><div class=\"fusion-text fusion-text-1\"><p>Nous proposons des<strong> locations de appartements de long s\u00e9jour \u00e0 Tarragone<\/strong>, pour des s\u00e9jours temporaires de quelques semaine, mois ou ann\u00e9e.<\/p>\n<p><strong>Appartements totalement \u00e9quip\u00e9s<\/strong> (eau, \u00e9lectricit\u00e9, chauffage central, climatisation et Wi-Fi inclus) ainsi que le nettoyage hebdomadaire avec changement du linge de lit et des serviettes.<\/p>\n<p>Lave-linge \u00e0 chaque \u00e9tage et parking disponible, pr\u00e9voir un co\u00fbt suppl\u00e9mentaire.<\/p>\n<p>Appartements situ\u00e9s dans un environnement calme. Bonne communication avec <a href=\"https:\/\/tarragona.repsol.es\/es\/index.cshtml\" target=\"_blank\" rel=\"noopener noreferrer\">le complexe p\u00e9trochimique<\/a>, <a href=\"https:\/\/www.porttarragona.cat\/es\/\" target=\"_blank\" rel=\"noopener noreferrer\">le port<\/a>, <a href=\"https:\/\/www.palautarragona.com\/es\/\" target=\"_blank\" rel=\"noopener noreferrer\">le palais des congr\u00e8s<\/a> et le centre-ville.<\/p>\n<\/div><div class=\"fusion-clearfix\"><\/div><\/div><\/div><div class=\"fusion-layout-column fusion_builder_column fusion-builder-column-1 fusion_builder_column_2_3 2_3 fusion-two-third fusion-column-last fusion-animated\" style=\"width:66.666666666667%;width:calc(66.666666666667% - ( ( 4% ) * 0.66666666666667 ) );margin-top:0px;margin-bottom:0px;\" data-animationType=\"fadeInLeft\" data-animationDuration=\"1.0\" data-animationOffset=\"100%\" id=\"formulario-contacto\"><div class=\"fusion-column-wrapper fusion-flex-column-wrapper-legacy\" style=\"background-position:left top;background-repeat:no-repeat;-webkit-background-size:cover;-moz-background-size:cover;-o-background-size:cover;background-size:cover;background-color:#5DB1E4;padding: 5% 5% 5% 5%;\"><div class=\"fusion-column-content-centered\"><div class=\"fusion-column-content\">\n<div class=\"wpcf7 no-js\" id=\"wpcf7-f3088-o1\" lang=\"fr-FR\" dir=\"ltr\" data-wpcf7-id=\"3088\">\n<div class=\"screen-reader-response\"><p role=\"status\" aria-live=\"polite\" aria-atomic=\"true\"><\/p> <ul><\/ul><\/div>\n<form action=\"\/fr\/wp-json\/wp\/v2\/pages\/3084#wpcf7-f3088-o1\" method=\"post\" class=\"wpcf7-form init\" aria-label=\"Formulaire de contact\" novalidate=\"novalidate\" data-status=\"init\">\n<fieldset class=\"hidden-fields-container\"><input type=\"hidden\" name=\"_wpcf7\" value=\"3088\" \/><input type=\"hidden\" name=\"_wpcf7_version\" value=\"6.1.5\" \/><input type=\"hidden\" name=\"_wpcf7_locale\" value=\"fr_FR\" \/><input type=\"hidden\" name=\"_wpcf7_unit_tag\" value=\"wpcf7-f3088-o1\" \/><input type=\"hidden\" name=\"_wpcf7_container_post\" value=\"0\" \/><input type=\"hidden\" name=\"_wpcf7_posted_data_hash\" value=\"\" \/>\n<\/fieldset>\n<div class=\"wpcf7-turnstile cf-turnstile\" data-sitekey=\"0x4AAAAAAB3GWLcbO4mE2_aZ\" data-response-field-name=\"_wpcf7_turnstile_response\"><\/div>\n\n<div class=\"row\">\n\t<div class=\"col-md-8\">\n\t\t<p><label for=\"form-name\"> Nom *<\/label><br \/>\n<span class=\"wpcf7-form-control-wrap\" data-name=\"msg-name\"><input size=\"40\" maxlength=\"400\" class=\"wpcf7-form-control wpcf7-text wpcf7-validates-as-required\" id=\"form-name\" aria-required=\"true\" aria-invalid=\"false\" value=\"\" type=\"text\" name=\"msg-name\" \/><\/span>\n\t\t<\/p>\n\t<\/div>\n\t<div class=\"col-md-2\">\n\t\t<p><label for=\"form-pax\"> Personnes *<\/label><br \/>\n<span class=\"wpcf7-form-control-wrap\" data-name=\"msg-pax\"><input class=\"wpcf7-form-control wpcf7-number wpcf7-validates-as-required wpcf7-validates-as-number\" id=\"form-pax\" aria-required=\"true\" aria-invalid=\"false\" value=\"\" type=\"number\" name=\"msg-pax\" \/><\/span>\n\t\t<\/p>\n\t<\/div>\n\t<div class=\"col-md-2\">\n\t\t<p><label for=\"form-nights\"> Nuit\u00e9es *<\/label><br \/>\n<span class=\"wpcf7-form-control-wrap\" data-name=\"msg-nights\"><input class=\"wpcf7-form-control wpcf7-number wpcf7-validates-as-required wpcf7-validates-as-number\" id=\"form-nights\" aria-required=\"true\" aria-invalid=\"false\" value=\"\" type=\"number\" name=\"msg-nights\" \/><\/span>\n\t\t<\/p>\n\t<\/div>\n<\/div>\n<div class=\"row\">\n\t<div class=\"col-md-6\">\n\t\t<p><label for=\"form-email\"> Courriel *<\/label><br \/>\n<span class=\"wpcf7-form-control-wrap\" data-name=\"msg-email\"><input size=\"40\" maxlength=\"400\" class=\"wpcf7-form-control wpcf7-email wpcf7-validates-as-required wpcf7-text wpcf7-validates-as-email\" id=\"form-email\" aria-required=\"true\" aria-invalid=\"false\" value=\"\" type=\"email\" name=\"msg-email\" \/><\/span>\n\t\t<\/p>\n\t<\/div>\n\t<div class=\"col-md-6\">\n\t\t<p><label for=\"form-phone\"> T\u00e9l\u00e9phone <\/label><br \/>\n<span class=\"wpcf7-form-control-wrap\" data-name=\"msg-phone\"><input size=\"40\" maxlength=\"400\" class=\"wpcf7-form-control wpcf7-tel wpcf7-text wpcf7-validates-as-tel\" id=\"form-phone\" aria-invalid=\"false\" value=\"\" type=\"tel\" name=\"msg-phone\" \/><\/span>\n\t\t<\/p>\n\t<\/div>\n<\/div>\n<div class=\"row\">\n\t<div class=\"col-md-12\">\n\t\t<p><label for=\"form-message\"> Message <\/label><br \/>\n<span class=\"wpcf7-form-control-wrap\" data-name=\"msg-message\"><textarea cols=\"40\" rows=\"10\" maxlength=\"2000\" class=\"wpcf7-form-control wpcf7-textarea wpcf7-validates-as-required\" id=\"form-message\" aria-required=\"true\" aria-invalid=\"false\" name=\"msg-message\"><\/textarea><\/span>\n\t\t<\/p>\n\t<\/div>\n<\/div>\n<div class=\"row\">\n\t<div class=\"col-md-12 mt-3 text-right\">\n\t\t<p><input class=\"wpcf7-form-control wpcf7-submit has-spinner\" type=\"submit\" value=\"DEMANDER DEVIS\" \/>\n\t\t<\/p>\n\t<\/div>\n<\/div><p style=\"display: none !important;\" class=\"akismet-fields-container\" data-prefix=\"_wpcf7_ak_\"><label>&#916;<textarea name=\"_wpcf7_ak_hp_textarea\" cols=\"45\" rows=\"8\" maxlength=\"100\"><\/textarea><\/label><input type=\"hidden\" id=\"ak_js_1\" name=\"_wpcf7_ak_js\" value=\"205\"\/><script>document.getElementById( \"ak_js_1\" ).setAttribute( \"value\", ( new Date() ).getTime() );<\/script><\/p><div class=\"fusion-alert alert custom alert-custom fusion-alert-center wpcf7-response-output fusion-alert-capitalize alert-dismissable\" style=\"border-width:1px;\"><button type=\"button\" class=\"close toggle-alert\" data-dismiss=\"alert\" aria-hidden=\"true\">&times;<\/button><div class=\"fusion-alert-content-wrapper\"><span class=\"fusion-alert-content\"><\/span><\/div><\/div>\n<\/form>\n<\/div>\n<\/div><\/div><div class=\"fusion-clearfix\"><\/div><\/div><\/div><\/div><\/div><div class=\"fusion-fullwidth fullwidth-box fusion-builder-row-2 hundred-percent-fullwidth non-hundred-percent-height-scrolling\" style=\"background-color: #5DB1E4;background-position: center center;background-repeat: no-repeat;padding-top:0px;padding-right:0px;padding-bottom:0px;padding-left:0px;margin-bottom: 0px;margin-top: 0px;border-width: 0px 0px 0px 0px;border-color:#f7f7f7;border-style:solid;\" ><div class=\"fusion-builder-row fusion-row\"><div class=\"fusion-layout-column fusion_builder_column fusion-builder-column-2 fusion_builder_column_1_6 1_6 fusion-one-sixth fusion-column-first fusion-no-small-visibility\" style=\"width:13.3333%; margin-right: 4%;margin-top:15px;margin-bottom:15px;\"><div class=\"fusion-column-wrapper fusion-flex-column-wrapper-legacy\" style=\"background-position:left top;background-repeat:no-repeat;-webkit-background-size:cover;-moz-background-size:cover;-o-background-size:cover;background-size:cover;padding: 0px 0px 0px 0px;\"><div class=\"fusion-clearfix\"><\/div><\/div><\/div><div class=\"fusion-layout-column fusion_builder_column fusion-builder-column-3 fusion_builder_column_2_3 2_3 fusion-two-third fusion-animated\" style=\"width:65.3333%; margin-right: 4%;margin-top:15px;margin-bottom:15px;\" data-animationType=\"fadeIn\" data-animationDuration=\"1.0\" data-animationOffset=\"100%\"><div class=\"fusion-column-wrapper fusion-flex-column-wrapper-legacy\" style=\"background-position:left top;background-repeat:no-repeat;-webkit-background-size:cover;-moz-background-size:cover;-o-background-size:cover;background-size:cover;padding: 0px 0px 0px 0px;\"><div class=\"fusion-text fusion-text-2\"><h4 style=\"text-align: center;\"><span style=\"color: #ffffff;\"><strong>CONTACTEZ-NOUS<\/strong><\/span><strong><br \/>\n<\/strong><\/h4>\n<\/div><div class=\"fusion-text fusion-text-3\"><p style=\"text-align: center;\"><span style=\"color: #ffffff;\">En cas de doute, n&rsquo;h\u00e9sitez pas \u00e0 nous contacter.<\/span><\/p>\n<\/div><div class=\"fusion-clearfix\"><\/div><\/div><\/div><div class=\"fusion-layout-column fusion_builder_column fusion-builder-column-4 fusion_builder_column_1_6 1_6 fusion-one-sixth fusion-column-last fusion-no-small-visibility\" style=\"width:13.3333%;margin-top:15px;margin-bottom:15px;\"><div class=\"fusion-column-wrapper fusion-flex-column-wrapper-legacy\" style=\"background-position:left top;background-repeat:no-repeat;-webkit-background-size:cover;-moz-background-size:cover;-o-background-size:cover;background-size:cover;padding: 0px 0px 0px 0px;\"><div class=\"fusion-clearfix\"><\/div><\/div><\/div><div class=\"fusion-layout-column fusion_builder_column fusion-builder-column-5 fusion_builder_column_1_1 1_1 fusion-one-full fusion-column-first fusion-column-last\" style=\"margin-top:15px;margin-bottom:15px;\"><div class=\"fusion-column-wrapper fusion-flex-column-wrapper-legacy\" style=\"background-position:left top;background-repeat:no-repeat;-webkit-background-size:cover;-moz-background-size:cover;-o-background-size:cover;background-size:cover;padding: 0px 0px 0px 0px;\"><div class=\"fusion-builder-row fusion-builder-row-inner fusion-row\"><div class=\"fusion-layout-column fusion_builder_column_inner fusion-builder-nested-column-0 fusion_builder_column_inner_1_3 1_3 fusion-one-third fusion-column-first\" style=\"width:33.333333333333%;width:calc(33.333333333333% - ( ( 4% + 0px ) * 0.33333333333333 ) );margin-right: 4%;margin-top:15px;margin-bottom:15px;\"><div class=\"fusion-column-wrapper fusion-flex-column-wrapper-legacy\" style=\"background-position:left top;background-repeat:no-repeat;-webkit-background-size:cover;-moz-background-size:cover;-o-background-size:cover;background-size:cover;padding: 0px 0px 0px 0px;\"><div class=\"fusion-clearfix\"><\/div><\/div><\/div><div class=\"fusion-layout-column fusion_builder_column_inner fusion-builder-nested-column-1 fusion_builder_column_inner_1_3 1_3 fusion-one-third fusion-column-inner-bg-wrapper fusion-column-liftup-border\" style=\"width:33.333333333333%;width:calc(33.333333333333% - ( ( 4% + 0px ) * 0.33333333333333 ) );margin-right: 0px;margin-top:0px;margin-bottom:15px;\" id=\"btn-cta-contacto\"><div class=\"fusion-column-wrapper fusion-flex-column-wrapper-legacy\" style=\"padding: 0px 0px 0px 0px;\"><div class=\"fusion-column-content-centered\"><div class=\"fusion-column-content\"><div class=\"fusion-aligncenter\"><style type=\"text\/css\">.fusion-button.button-1 .fusion-button-text, .fusion-button.button-1 i {color:#5DB1E4;}.fusion-button.button-1 .fusion-button-icon-divider{border-color:#5DB1E4;}.fusion-button.button-1:hover .fusion-button-text, .fusion-button.button-1:hover i,.fusion-button.button-1:focus .fusion-button-text, .fusion-button.button-1:focus i,.fusion-button.button-1:active .fusion-button-text, .fusion-button.button-1:active{color:#ffffff;}.fusion-button.button-1:hover .fusion-button-icon-divider, .fusion-button.button-1:hover .fusion-button-icon-divider, .fusion-button.button-1:active .fusion-button-icon-divider{border-color:#ffffff;}.fusion-button.button-1:hover, .fusion-button.button-1:focus, .fusion-button.button-1:active{border-color:#ffffff;}.fusion-button.button-1 {border-color:#ffffff;border-radius:2px;}.fusion-button.button-1{background: rgba(74,213,117,0);}.fusion-button.button-1:hover,.button-1:focus,.fusion-button.button-1:active{background: rgba(85,227,129,0);}<\/style><a class=\"fusion-button button-flat button-xlarge button-custom button-1 fusion-button-default-span fusion-button-default-type\" target=\"_self\" href=\"https:\/\/www.apartamentosastoria.com\/fr\/contactez-nous\/\"><span class=\"fusion-button-text\">CONTACT<\/span><i class=\"fa-angle-right fas button-icon-right\" aria-hidden=\"true\"><\/i><\/a><\/div><\/div><\/div><div class=\"fusion-clearfix\"><\/div><\/div><span class=\"fusion-column-inner-bg hover-type-liftup\"><a href=\"https:\/\/www.apartamentosastoria.com\/fr\/contactez-nous\/\"><span class=\"fusion-column-inner-bg-image\" style=\"background-color:#ffffff;background-position:left top;background-repeat:no-repeat;-webkit-background-size:cover;-moz-background-size:cover;-o-background-size:cover;background-size:cover;\"><\/span><\/a><\/span><\/div><div class=\"fusion-layout-column fusion_builder_column_inner fusion-builder-nested-column-2 fusion_builder_column_inner_1_3 1_3 fusion-one-third fusion-column-last\" style=\"width:33.333333333333%;width:calc(33.333333333333% - ( ( 4% + 0px ) * 0.33333333333333 ) );margin-top:15px;margin-bottom:15px;\"><div class=\"fusion-column-wrapper fusion-flex-column-wrapper-legacy\" style=\"background-position:left top;background-repeat:no-repeat;-webkit-background-size:cover;-moz-background-size:cover;-o-background-size:cover;background-size:cover;padding: 0px 0px 0px 0px;\"><div class=\"fusion-clearfix\"><\/div><\/div><\/div><\/div><div class=\"fusion-clearfix\"><\/div><\/div><\/div><\/div><\/div>\n<div class=\"fusion-fullwidth fullwidth-box fusion-builder-row-3 hundred-percent-fullwidth non-hundred-percent-height-scrolling\" style=\"background-color: #5DB1E4;background-position: center center;background-repeat: no-repeat;padding-top:0px;padding-right:0px;padding-bottom:0px;padding-left:0px;margin-bottom: 0px;margin-top: 0px;border-width: 0px 0px 0px 0px;border-color:#f7f7f7;border-style:solid;\" ><div class=\"fusion-builder-row fusion-row\"><div class=\"fusion-layout-column fusion_builder_column fusion-builder-column-6 fusion_builder_column_1_1 1_1 fusion-one-full fusion-column-first fusion-column-last\" style=\"margin-top:15px;margin-bottom:0px;\"><div class=\"fusion-column-wrapper fusion-flex-column-wrapper-legacy\" style=\"background-position:left top;background-repeat:no-repeat;-webkit-background-size:cover;-moz-background-size:cover;-o-background-size:cover;background-size:cover;padding: 0px 0px 0px 0px;\"><div class=\"fusion-section-separator section-separator bigtriangle fusion-section-separator-1\"><div class=\"fusion-section-separator-svg\" style=\"padding:0;margin-left: 0px;margin-right: 0px;\"><svg class=\"fusion-big-triangle-candy\" xmlns=\"http:\/\/www.w3.org\/2000\/svg\" version=\"1.1\" width=\"100%\" height=\"100\" viewBox=\"0 0 100 100\" preserveAspectRatio=\"none\" style=\"fill:#eeeeee;padding:0;\"><path d=\"M0 100 L50 2 L100 100 Z\"><\/path><\/svg><\/div><div class=\"fusion-section-separator-spacer\"><div class=\"fusion-section-separator-spacer-height\" style=\"height:99px;\"><\/div><\/div><\/div><div class=\"fusion-clearfix\"><\/div><\/div><\/div><\/div><\/div><\/p>\n","protected":false},"excerpt":{"rendered":"","protected":false},"author":5,"featured_media":0,"parent":0,"menu_order":0,"comment_status":"closed","ping_status":"closed","template":"100-width.php","meta":{"footnotes":""},"class_list":["post-3084","page","type-page","status-publish","hentry"],"yoast_head":"<!-- This site is optimized with the Yoast SEO plugin v26.9 - https:\/\/yoast.com\/product\/yoast-seo-wordpress\/ -->\n<title>Appartements de long s\u00e9jour \u00e0 Tarragone | Appartements Astoria<\/title>\n<meta name=\"description\" content=\"Nous proposons la location d&#039;appartements \u00e0 long s\u00e9jour \u00e0 Tarragone, pour les entreprises et les professionnels. Situ\u00e9 dans un quartier calme avec une bonne connexion.\" \/>\n<meta name=\"robots\" content=\"index, follow, max-snippet:-1, max-image-preview:large, max-video-preview:-1\" \/>\n<link rel=\"canonical\" href=\"https:\/\/www.apartamentosastoria.com\/fr\/appartements-de-long-sejour-a-tarragone\/\" \/>\n<meta property=\"og:locale\" content=\"fr_FR\" \/>\n<meta property=\"og:type\" content=\"article\" \/>\n<meta property=\"og:title\" content=\"Appartements de long s\u00e9jour \u00e0 Tarragone | Appartements Astoria\" \/>\n<meta property=\"og:description\" content=\"Nous proposons la location d&#039;appartements \u00e0 long s\u00e9jour \u00e0 Tarragone, pour les entreprises et les professionnels. Situ\u00e9 dans un quartier calme avec une bonne connexion.\" \/>\n<meta property=\"og:url\" content=\"https:\/\/www.apartamentosastoria.com\/fr\/appartements-de-long-sejour-a-tarragone\/\" \/>\n<meta property=\"og:site_name\" content=\"APARTAMENTOS ASTORIA\" \/>\n<meta property=\"article:modified_time\" content=\"2020-04-23T09:17:01+00:00\" \/>\n<meta name=\"twitter:card\" content=\"summary_large_image\" \/>\n<meta name=\"twitter:label1\" content=\"Dur\u00e9e de lecture estim\u00e9e\" \/>\n\t<meta name=\"twitter:data1\" content=\"5 minutes\" \/>\n<script type=\"application\/ld+json\" class=\"yoast-schema-graph\">{\"@context\":\"https:\/\/schema.org\",\"@graph\":[{\"@type\":\"WebPage\",\"@id\":\"https:\/\/www.apartamentosastoria.com\/fr\/appartements-de-long-sejour-a-tarragone\/\",\"url\":\"https:\/\/www.apartamentosastoria.com\/fr\/appartements-de-long-sejour-a-tarragone\/\",\"name\":\"Appartements de long s\u00e9jour \u00e0 Tarragone | Appartements Astoria\",\"isPartOf\":{\"@id\":\"https:\/\/www.apartamentosastoria.com\/#website\"},\"datePublished\":\"2020-02-18T11:34:13+00:00\",\"dateModified\":\"2020-04-23T09:17:01+00:00\",\"description\":\"Nous proposons la location d'appartements \u00e0 long s\u00e9jour \u00e0 Tarragone, pour les entreprises et les professionnels. Situ\u00e9 dans un quartier calme avec une bonne connexion.\",\"breadcrumb\":{\"@id\":\"https:\/\/www.apartamentosastoria.com\/fr\/appartements-de-long-sejour-a-tarragone\/#breadcrumb\"},\"inLanguage\":\"fr-FR\",\"potentialAction\":[{\"@type\":\"ReadAction\",\"target\":[\"https:\/\/www.apartamentosastoria.com\/fr\/appartements-de-long-sejour-a-tarragone\/\"]}]},{\"@type\":\"BreadcrumbList\",\"@id\":\"https:\/\/www.apartamentosastoria.com\/fr\/appartements-de-long-sejour-a-tarragone\/#breadcrumb\",\"itemListElement\":[{\"@type\":\"ListItem\",\"position\":1,\"name\":\"Home\",\"item\":\"https:\/\/www.apartamentosastoria.com\/fr\/accueil\/\"},{\"@type\":\"ListItem\",\"position\":2,\"name\":\"Long s\u00e9jour\"}]},{\"@type\":\"WebSite\",\"@id\":\"https:\/\/www.apartamentosastoria.com\/#website\",\"url\":\"https:\/\/www.apartamentosastoria.com\/\",\"name\":\"APARTAMENTOS ASTORIA\",\"description\":\"\",\"potentialAction\":[{\"@type\":\"SearchAction\",\"target\":{\"@type\":\"EntryPoint\",\"urlTemplate\":\"https:\/\/www.apartamentosastoria.com\/?s={search_term_string}\"},\"query-input\":{\"@type\":\"PropertyValueSpecification\",\"valueRequired\":true,\"valueName\":\"search_term_string\"}}],\"inLanguage\":\"fr-FR\"}]}<\/script>\n<!-- \/ Yoast SEO plugin. -->","yoast_head_json":{"title":"Appartements de long s\u00e9jour \u00e0 Tarragone | Appartements Astoria","description":"Nous proposons la location d'appartements \u00e0 long s\u00e9jour \u00e0 Tarragone, pour les entreprises et les professionnels. Situ\u00e9 dans un quartier calme avec une bonne connexion.","robots":{"index":"index","follow":"follow","max-snippet":"max-snippet:-1","max-image-preview":"max-image-preview:large","max-video-preview":"max-video-preview:-1"},"canonical":"https:\/\/www.apartamentosastoria.com\/fr\/appartements-de-long-sejour-a-tarragone\/","og_locale":"fr_FR","og_type":"article","og_title":"Appartements de long s\u00e9jour \u00e0 Tarragone | Appartements Astoria","og_description":"Nous proposons la location d'appartements \u00e0 long s\u00e9jour \u00e0 Tarragone, pour les entreprises et les professionnels. Situ\u00e9 dans un quartier calme avec une bonne connexion.","og_url":"https:\/\/www.apartamentosastoria.com\/fr\/appartements-de-long-sejour-a-tarragone\/","og_site_name":"APARTAMENTOS ASTORIA","article_modified_time":"2020-04-23T09:17:01+00:00","twitter_card":"summary_large_image","twitter_misc":{"Dur\u00e9e de lecture estim\u00e9e":"5 minutes"},"schema":{"@context":"https:\/\/schema.org","@graph":[{"@type":"WebPage","@id":"https:\/\/www.apartamentosastoria.com\/fr\/appartements-de-long-sejour-a-tarragone\/","url":"https:\/\/www.apartamentosastoria.com\/fr\/appartements-de-long-sejour-a-tarragone\/","name":"Appartements de long s\u00e9jour \u00e0 Tarragone | Appartements Astoria","isPartOf":{"@id":"https:\/\/www.apartamentosastoria.com\/#website"},"datePublished":"2020-02-18T11:34:13+00:00","dateModified":"2020-04-23T09:17:01+00:00","description":"Nous proposons la location d'appartements \u00e0 long s\u00e9jour \u00e0 Tarragone, pour les entreprises et les professionnels. Situ\u00e9 dans un quartier calme avec une bonne connexion.","breadcrumb":{"@id":"https:\/\/www.apartamentosastoria.com\/fr\/appartements-de-long-sejour-a-tarragone\/#breadcrumb"},"inLanguage":"fr-FR","potentialAction":[{"@type":"ReadAction","target":["https:\/\/www.apartamentosastoria.com\/fr\/appartements-de-long-sejour-a-tarragone\/"]}]},{"@type":"BreadcrumbList","@id":"https:\/\/www.apartamentosastoria.com\/fr\/appartements-de-long-sejour-a-tarragone\/#breadcrumb","itemListElement":[{"@type":"ListItem","position":1,"name":"Home","item":"https:\/\/www.apartamentosastoria.com\/fr\/accueil\/"},{"@type":"ListItem","position":2,"name":"Long s\u00e9jour"}]},{"@type":"WebSite","@id":"https:\/\/www.apartamentosastoria.com\/#website","url":"https:\/\/www.apartamentosastoria.com\/","name":"APARTAMENTOS ASTORIA","description":"","potentialAction":[{"@type":"SearchAction","target":{"@type":"EntryPoint","urlTemplate":"https:\/\/www.apartamentosastoria.com\/?s={search_term_string}"},"query-input":{"@type":"PropertyValueSpecification","valueRequired":true,"valueName":"search_term_string"}}],"inLanguage":"fr-FR"}]}},"_links":{"self":[{"href":"https:\/\/www.apartamentosastoria.com\/fr\/wp-json\/wp\/v2\/pages\/3084","targetHints":{"allow":["GET"]}}],"collection":[{"href":"https:\/\/www.apartamentosastoria.com\/fr\/wp-json\/wp\/v2\/pages"}],"about":[{"href":"https:\/\/www.apartamentosastoria.com\/fr\/wp-json\/wp\/v2\/types\/page"}],"author":[{"embeddable":true,"href":"https:\/\/www.apartamentosastoria.com\/fr\/wp-json\/wp\/v2\/users\/5"}],"replies":[{"embeddable":true,"href":"https:\/\/www.apartamentosastoria.com\/fr\/wp-json\/wp\/v2\/comments?post=3084"}],"version-history":[{"count":1,"href":"https:\/\/www.apartamentosastoria.com\/fr\/wp-json\/wp\/v2\/pages\/3084\/revisions"}],"predecessor-version":[{"id":3542,"href":"https:\/\/www.apartamentosastoria.com\/fr\/wp-json\/wp\/v2\/pages\/3084\/revisions\/3542"}],"wp:attachment":[{"href":"https:\/\/www.apartamentosastoria.com\/fr\/wp-json\/wp\/v2\/media?parent=3084"}],"curies":[{"name":"wp","href":"https:\/\/api.w.org\/{rel}","templated":true}]}}