{"id":28196,"date":"2020-02-06T14:27:54","date_gmt":"2020-02-06T14:27:54","guid":{"rendered":"https:\/\/www.apartamentosastoria.com\/?page_id=28196"},"modified":"2025-09-10T13:45:30","modified_gmt":"2025-09-10T13:45:30","slug":"politica-de-privacidad","status":"publish","type":"page","link":"https:\/\/www.apartamentosastoria.com\/fr\/politica-de-privacidad\/","title":{"rendered":"Pol\u00edtica de privacidad"},"content":{"rendered":"<div class=\"fusion-fullwidth fullwidth-box fusion-builder-row-1 nonhundred-percent-fullwidth non-hundred-percent-height-scrolling\" style=\"background-color: rgba(255,255,255,0);background-position: center center;background-repeat: no-repeat;padding-top:0px;padding-right:0px;padding-bottom:0px;padding-left:0px;margin-bottom: 0px;margin-top: 0px;border-width: 0px 0px 0px 0px;border-color:#f7f7f7;border-style:solid;\" ><div class=\"fusion-builder-row fusion-row\"><div class=\"fusion-layout-column fusion_builder_column fusion-builder-column-0 fusion_builder_column_1_1 1_1 fusion-one-full fusion-column-first fusion-column-last\" style=\"margin-top:0px;margin-bottom:0px;\"><div class=\"fusion-column-wrapper fusion-flex-column-wrapper-legacy\" style=\"background-position:left top;background-repeat:no-repeat;-webkit-background-size:cover;-moz-background-size:cover;-o-background-size:cover;background-size:cover;padding: 0px 0px 0px 0px;\"><div class=\"fusion-text fusion-text-1\"><h4>POLITIQUE DE CONFIDENTIALIT\u00c9<\/h4>\n<\/div><div class=\"fusion-text fusion-text-2\"><h5><b>1. INFORMATIONS UTILISATEUR<\/b><\/h5>\n<p><span style=\"color: #5db1e4;\"><b>Qui est responsable du traitement de vos donn\u00e9es personnelles\u00a0?<\/b><\/span><\/p>\n<p><b>ASTORIA RESIDENCIAL, S.L.<\/b> est le RESPONSABLE DU TRAITEMENT des donn\u00e9es personnelles de l&rsquo;UTILISATEUR et vous informe que ces donn\u00e9es seront trait\u00e9es conform\u00e9ment aux dispositions du R\u00e8glement (UE) 2016\/679 du 27 avril (RGPD) et de la Loi organique 3\/2018 du 5 d\u00e9cembre (LOPDGDD).<\/p>\n<p><span style=\"color: #5db1e4;\"><b>Pourquoi traitons-nous vos donn\u00e9es personnelles\u00a0?<\/b><\/span><\/p>\n<p>Pour entretenir une relation commerciale avec l&rsquo;utilisateur. Les traitements pr\u00e9vus sont les suivants\u00a0:<\/p>\n<p style=\"padding-left: 40px;\">Envoi de communications commerciales par e-mail, fax, SMS, MMS, r\u00e9seaux sociaux ou tout autre moyen \u00e9lectronique ou physique, pr\u00e9sent ou futur, permettant des communications commerciales. Ces communications seront effectu\u00e9es par le RESPONSABLE et porteront sur ses produits et services, ou ceux de ses collaborateurs ou fournisseurs avec lesquels il a conclu un accord promotionnel. Dans ce cas, aucun tiers n&rsquo;aura acc\u00e8s aux donn\u00e9es personnelles.<\/p>\n<p style=\"padding-left: 40px;\">R\u00e9alisation d&rsquo;\u00e9tudes de march\u00e9 et d&rsquo;analyses statistiques. Traitement des commandes, demandes, r\u00e9ponses aux questions ou \u00e0 toute autre demande formul\u00e9e par l&rsquo;UTILISATEUR via l&rsquo;un des moyens de contact mis \u00e0 disposition sur le site web du RESPONSABLE.<\/p>\n<p style=\"padding-left: 40px;\">Envoi de la newsletter en ligne contenant les actualit\u00e9s, offres et promotions de notre entreprise.<\/p>\n<p><span style=\"color: #5db1e4;\"><b>Pourquoi pouvons-nous traiter vos donn\u00e9es personnelles\u00a0? <\/b><\/span><\/p>\n<p>Le traitement est l\u00e9gitim\u00e9 par l&rsquo;article 6 du RGPD comme suit\u00a0:<\/p>\n<p style=\"padding-left: 40px;\">Avec le consentement de l&rsquo;UTILISATEUR\u00a0: envoi de communications commerciales et de la newsletter. Pour l&rsquo;int\u00e9r\u00eat l\u00e9gitime du RESPONSABLE DU TRAITEMENT\u00a0: r\u00e9alisation d&rsquo;\u00e9tudes de march\u00e9, d&rsquo;analyses statistiques, etc., et traitement des commandes, demandes, etc. \u00e0 la demande de l&rsquo;UTILISATEUR.<\/p>\n<p><span style=\"color: #5db1e4;\"><b>Combien de temps conservons-nous vos donn\u00e9es personnelles\u00a0?<\/b><\/span><\/p>\n<p>Elles ne seront conserv\u00e9es que pendant la dur\u00e9e n\u00e9cessaire \u00e0 la finalit\u00e9 du traitement ou conform\u00e9ment \u00e0 la loi. Lorsqu&rsquo;elles ne seront plus n\u00e9cessaires, elles seront supprim\u00e9es avec des mesures de s\u00e9curit\u00e9 appropri\u00e9es pour garantir leur anonymisation ou leur destruction compl\u00e8te.<\/p>\n<p><span style=\"color: #5db1e4;\"><b>\u00c0 qui communiquons-nous vos donn\u00e9es personnelles\u00a0? <\/b><\/span><\/p>\n<p>Aucune communication de donn\u00e9es personnelles \u00e0 des tiers n&rsquo;est pr\u00e9vue, sauf, si n\u00e9cessaire au d\u00e9veloppement et \u00e0 l&rsquo;ex\u00e9cution des finalit\u00e9s du traitement, \u00e0 nos prestataires de services de communication, avec lesquels le RESPONSABLE DU TRAITEMENT a sign\u00e9 les accords de confidentialit\u00e9 et de traitement des donn\u00e9es requis par la r\u00e9glementation en vigueur.<\/p>\n<p><span style=\"color: #5db1e4;\"><b>Quels sont vos droits\u00a0?<\/b><\/span><\/p>\n<p>Les droits de l&rsquo;UTILISATEUR sont les suivants\u00a0:<\/p>\n<p style=\"padding-left: 40px;\">Droit de retirer son consentement \u00e0 tout moment. Droit d&rsquo;acc\u00e8s, de rectification, de portabilit\u00e9 et de suppression de ses donn\u00e9es, ainsi que de limitation ou d&rsquo;opposition \u00e0 leur traitement.<\/p>\n<p style=\"padding-left: 40px;\">Droit de d\u00e9poser une plainte aupr\u00e8s de l&rsquo;autorit\u00e9 de contr\u00f4le (www.aepd.es) si vous estimez que le traitement n&rsquo;est pas conforme \u00e0 la r\u00e9glementation en vigueur.<\/p>\n<p><b>Coordonn\u00e9es pour exercer vos droits<\/b>\u00a0:<\/p>\n<p>ASTORIA RESIDENCIAL, S.L. PASSEIG MARITIM RAFAEL CASANOVA, 3 &#8211; 43003 Tarragone (Tarragone). Courriel\u00a0: astoria@tinet.org<\/p>\n<\/div><div class=\"fusion-text fusion-text-3\"><h5><b>2. CARACT\u00c8RE OBLIGATOIRE OU FACULTATIF DES INFORMATIONS FOURNIES PAR L&rsquo;UTILISATEUR<\/b><\/h5>\n<p>En cochant les cases correspondantes et en remplissant les champs marqu\u00e9s d&rsquo;un ast\u00e9risque (*) dans le formulaire de contact ou les formulaires de t\u00e9l\u00e9chargement, l&rsquo;UTILISATEUR reconna\u00eet express\u00e9ment, librement et sans \u00e9quivoque que ses donn\u00e9es sont n\u00e9cessaires au prestataire pour r\u00e9pondre \u00e0 sa demande, et que la saisie des donn\u00e9es dans les autres champs est facultative. L&rsquo;UTILISATEUR garantit l&rsquo;exactitude des donn\u00e9es personnelles fournies au RESPONSABLE DU TRAITEMENT et s&rsquo;engage \u00e0 communiquer toute modification de celles-ci. Le RESPONSABLE DU TRAITEMENT informe que toutes les donn\u00e9es demand\u00e9es via le site web sont obligatoires, car elles sont n\u00e9cessaires \u00e0 la fourniture d&rsquo;un service optimal \u00e0 l&rsquo;UTILISATEUR. Si toutes les donn\u00e9es ne sont pas fournies, il n&rsquo;est pas garanti que les informations et les services fournis seront parfaitement adapt\u00e9s aux besoins de l&rsquo;utilisateur.<\/p>\n<\/div><div class=\"fusion-text fusion-text-4\"><h5><b>3. MESURES DE S\u00c9CURIT\u00c9<\/b><\/h5>\n<p>Conform\u00e9ment aux dispositions de la r\u00e9glementation en vigueur sur la protection des donn\u00e9es personnelles, le RESPONSABLE DU TRAITEMENT des donn\u00e9es personnelles se conforme \u00e0 toutes les dispositions du RGPD et de la LOPDGDD relatives au traitement des donn\u00e9es personnelles sous sa responsabilit\u00e9, et notamment aux principes d\u00e9crits \u00e0 l&rsquo;article 5 du RGPD, selon lesquels le traitement des donn\u00e9es personnelles est licite, loyal et transparent au regard de la personne concern\u00e9e, ad\u00e9quat, pertinent et limit\u00e9 \u00e0 ce qui est n\u00e9cessaire au regard des finalit\u00e9s pour lesquelles il est effectu\u00e9.<\/p>\n<p>Le RESPONSABLE DU TRAITEMENT garantit avoir mis en \u0153uvre des politiques techniques et organisationnelles appropri\u00e9es pour appliquer les mesures de s\u00e9curit\u00e9 \u00e9tablies par le RGPD et la LOPDGDD afin de prot\u00e9ger les droits et libert\u00e9s des UTILISATEURS et leur avoir fourni les informations n\u00e9cessaires pour qu&rsquo;ils puissent les exercer.<\/p>\n<p>Pour plus d&rsquo;informations sur les garanties de confidentialit\u00e9, vous pouvez contacter le RESPONSABLE DU TRAITEMENT par l&rsquo;interm\u00e9diaire d&rsquo;ASTORIA RESIDENCIAL, S.L., PASSEIG MARITIM RAFAEL CASANOVA, 3 &#8211; 43003 Tarragone (Tarragone). Courriel : astoria@tinet.org<\/p>\n<\/div><div class=\"fusion-clearfix\"><\/div><\/div><\/div><\/div><\/div>\n","protected":false},"excerpt":{"rendered":"","protected":false},"author":5,"featured_media":0,"parent":0,"menu_order":0,"comment_status":"closed","ping_status":"open","template":"","meta":{"footnotes":""},"class_list":["post-28196","page","type-page","status-publish","hentry"],"yoast_head":"<!-- This site is optimized with the Yoast SEO plugin v26.9 - https:\/\/yoast.com\/product\/yoast-seo-wordpress\/ -->\n<title>Pol\u00edtica de privacidad - APARTAMENTOS ASTORIA<\/title>\n<meta name=\"robots\" content=\"noindex, follow\" \/>\n<meta property=\"og:locale\" content=\"fr_FR\" \/>\n<meta property=\"og:type\" content=\"article\" \/>\n<meta property=\"og:title\" content=\"Pol\u00edtica de privacidad - APARTAMENTOS ASTORIA\" \/>\n<meta property=\"og:url\" content=\"https:\/\/www.apartamentosastoria.com\/fr\/politica-de-privacidad\/\" \/>\n<meta property=\"og:site_name\" content=\"APARTAMENTOS ASTORIA\" \/>\n<meta property=\"article:modified_time\" content=\"2025-09-10T13:45:30+00:00\" \/>\n<meta name=\"twitter:card\" content=\"summary_large_image\" \/>\n<meta name=\"twitter:label1\" content=\"Dur\u00e9e de lecture estim\u00e9e\" \/>\n\t<meta name=\"twitter:data1\" content=\"5 minutes\" \/>\n<script type=\"application\/ld+json\" class=\"yoast-schema-graph\">{\"@context\":\"https:\/\/schema.org\",\"@graph\":[{\"@type\":\"WebPage\",\"@id\":\"https:\/\/www.apartamentosastoria.com\/fr\/politica-de-privacidad\/\",\"url\":\"https:\/\/www.apartamentosastoria.com\/fr\/politica-de-privacidad\/\",\"name\":\"Pol\u00edtica de privacidad - APARTAMENTOS ASTORIA\",\"isPartOf\":{\"@id\":\"https:\/\/www.apartamentosastoria.com\/#website\"},\"datePublished\":\"2020-02-06T14:27:54+00:00\",\"dateModified\":\"2025-09-10T13:45:30+00:00\",\"breadcrumb\":{\"@id\":\"https:\/\/www.apartamentosastoria.com\/fr\/politica-de-privacidad\/#breadcrumb\"},\"inLanguage\":\"fr-FR\",\"potentialAction\":[{\"@type\":\"ReadAction\",\"target\":[\"https:\/\/www.apartamentosastoria.com\/fr\/politica-de-privacidad\/\"]}]},{\"@type\":\"BreadcrumbList\",\"@id\":\"https:\/\/www.apartamentosastoria.com\/fr\/politica-de-privacidad\/#breadcrumb\",\"itemListElement\":[{\"@type\":\"ListItem\",\"position\":1,\"name\":\"Home\",\"item\":\"https:\/\/www.apartamentosastoria.com\/fr\/accueil\/\"},{\"@type\":\"ListItem\",\"position\":2,\"name\":\"Pol\u00edtica de privacidad\"}]},{\"@type\":\"WebSite\",\"@id\":\"https:\/\/www.apartamentosastoria.com\/#website\",\"url\":\"https:\/\/www.apartamentosastoria.com\/\",\"name\":\"APARTAMENTOS ASTORIA\",\"description\":\"\",\"potentialAction\":[{\"@type\":\"SearchAction\",\"target\":{\"@type\":\"EntryPoint\",\"urlTemplate\":\"https:\/\/www.apartamentosastoria.com\/?s={search_term_string}\"},\"query-input\":{\"@type\":\"PropertyValueSpecification\",\"valueRequired\":true,\"valueName\":\"search_term_string\"}}],\"inLanguage\":\"fr-FR\"}]}<\/script>\n<!-- \/ Yoast SEO plugin. -->","yoast_head_json":{"title":"Pol\u00edtica de privacidad - APARTAMENTOS ASTORIA","robots":{"index":"noindex","follow":"follow"},"og_locale":"fr_FR","og_type":"article","og_title":"Pol\u00edtica de privacidad - APARTAMENTOS ASTORIA","og_url":"https:\/\/www.apartamentosastoria.com\/fr\/politica-de-privacidad\/","og_site_name":"APARTAMENTOS ASTORIA","article_modified_time":"2025-09-10T13:45:30+00:00","twitter_card":"summary_large_image","twitter_misc":{"Dur\u00e9e de lecture estim\u00e9e":"5 minutes"},"schema":{"@context":"https:\/\/schema.org","@graph":[{"@type":"WebPage","@id":"https:\/\/www.apartamentosastoria.com\/fr\/politica-de-privacidad\/","url":"https:\/\/www.apartamentosastoria.com\/fr\/politica-de-privacidad\/","name":"Pol\u00edtica de privacidad - APARTAMENTOS ASTORIA","isPartOf":{"@id":"https:\/\/www.apartamentosastoria.com\/#website"},"datePublished":"2020-02-06T14:27:54+00:00","dateModified":"2025-09-10T13:45:30+00:00","breadcrumb":{"@id":"https:\/\/www.apartamentosastoria.com\/fr\/politica-de-privacidad\/#breadcrumb"},"inLanguage":"fr-FR","potentialAction":[{"@type":"ReadAction","target":["https:\/\/www.apartamentosastoria.com\/fr\/politica-de-privacidad\/"]}]},{"@type":"BreadcrumbList","@id":"https:\/\/www.apartamentosastoria.com\/fr\/politica-de-privacidad\/#breadcrumb","itemListElement":[{"@type":"ListItem","position":1,"name":"Home","item":"https:\/\/www.apartamentosastoria.com\/fr\/accueil\/"},{"@type":"ListItem","position":2,"name":"Pol\u00edtica de privacidad"}]},{"@type":"WebSite","@id":"https:\/\/www.apartamentosastoria.com\/#website","url":"https:\/\/www.apartamentosastoria.com\/","name":"APARTAMENTOS ASTORIA","description":"","potentialAction":[{"@type":"SearchAction","target":{"@type":"EntryPoint","urlTemplate":"https:\/\/www.apartamentosastoria.com\/?s={search_term_string}"},"query-input":{"@type":"PropertyValueSpecification","valueRequired":true,"valueName":"search_term_string"}}],"inLanguage":"fr-FR"}]}},"_links":{"self":[{"href":"https:\/\/www.apartamentosastoria.com\/fr\/wp-json\/wp\/v2\/pages\/28196","targetHints":{"allow":["GET"]}}],"collection":[{"href":"https:\/\/www.apartamentosastoria.com\/fr\/wp-json\/wp\/v2\/pages"}],"about":[{"href":"https:\/\/www.apartamentosastoria.com\/fr\/wp-json\/wp\/v2\/types\/page"}],"author":[{"embeddable":true,"href":"https:\/\/www.apartamentosastoria.com\/fr\/wp-json\/wp\/v2\/users\/5"}],"replies":[{"embeddable":true,"href":"https:\/\/www.apartamentosastoria.com\/fr\/wp-json\/wp\/v2\/comments?post=28196"}],"version-history":[{"count":3,"href":"https:\/\/www.apartamentosastoria.com\/fr\/wp-json\/wp\/v2\/pages\/28196\/revisions"}],"predecessor-version":[{"id":28201,"href":"https:\/\/www.apartamentosastoria.com\/fr\/wp-json\/wp\/v2\/pages\/28196\/revisions\/28201"}],"wp:attachment":[{"href":"https:\/\/www.apartamentosastoria.com\/fr\/wp-json\/wp\/v2\/media?parent=28196"}],"curies":[{"name":"wp","href":"https:\/\/api.w.org\/{rel}","templated":true}]}}