{"id":3336,"date":"2020-02-17T16:43:52","date_gmt":"2020-02-17T16:43:52","guid":{"rendered":"http:\/\/apartamentosastoria.com\/condiciones\/"},"modified":"2020-09-03T11:18:43","modified_gmt":"2020-09-03T11:18:43","slug":"condicions","status":"publish","type":"page","link":"https:\/\/www.apartamentosastoria.com\/ca\/condicions\/","title":{"rendered":"Condiciones"},"content":{"rendered":"<div class=\"fusion-fullwidth fullwidth-box fusion-builder-row-1 nonhundred-percent-fullwidth non-hundred-percent-height-scrolling\" style=\"background-color: rgba(255,255,255,0);background-position: center center;background-repeat: no-repeat;padding-top:0px;padding-right:0px;padding-bottom:0px;padding-left:0px;margin-bottom: 0px;margin-top: 0px;border-width: 0px 0px 0px 0px;border-color:#f7f7f7;border-style:solid;\" ><div class=\"fusion-builder-row fusion-row\"><div class=\"fusion-layout-column fusion_builder_column fusion-builder-column-0 fusion_builder_column_1_1 1_1 fusion-one-full fusion-column-first fusion-column-last\" style=\"margin-top:0px;margin-bottom:15px;\"><div class=\"fusion-column-wrapper fusion-flex-column-wrapper-legacy\" style=\"background-position:left top;background-repeat:no-repeat;-webkit-background-size:cover;-moz-background-size:cover;-o-background-size:cover;background-size:cover;padding: 0px 0px 0px 0px;\"><div class=\"fusion-text fusion-text-1\"><h4>CONDICIONS<\/h4>\n<\/div><style type=\"text\/css\">.fusion-accordian  #accordion-3336-1 .panel-title a .fa-fusion-box{ color: #ffffff;}.fusion-accordian  #accordion-3336-1 .panel-title a .fa-fusion-box:before{ font-size: 13px; width: 13px;}.fusion-accordian  #accordion-3336-1 .panel-title a{font-size:1.55em;}.fusion-accordian  #accordion-3336-1 .fa-fusion-box { background-color: #3a4149;border-color: #3a4149;}.fusion-accordian  #accordion-3336-1 .panel-title a:hover, #accordion-3336-1 .fusion-toggle-boxed-mode:hover .panel-title a { color: #5db1e4;}.fusion-accordian  #accordion-3336-1 .panel-title .active .fa-fusion-box,.fusion-accordian  #accordion-3336-1 .panel-title a:hover .fa-fusion-box { background-color: #5db1e4!important;border-color: #5db1e4!important;}<\/style><div class=\"accordian fusion-accordian\"><div class=\"panel-group\" id=\"accordion-3336-1\"><div class=\"fusion-panel panel-default\"><div class=\"panel-heading\"><h4 class=\"panel-title toggle\"><a class=\"active\" aria-expanded=\"true\" aria-controls=\"eb66d1e470c01370e\" role=\"button\" data-toggle=\"collapse\" data-parent=\"#accordion-3336-1\" data-target=\"#eb66d1e470c01370e\" href=\"#eb66d1e470c01370e\"><span class=\"fusion-toggle-icon-wrapper\" aria-hidden=\"true\"><i class=\"fa-fusion-box\" aria-hidden=\"true\"><\/i><\/span><span class=\"fusion-toggle-heading\">Pagaments\/Dip\u00f2sits<\/span><\/a><\/h4><\/div><div id=\"eb66d1e470c01370e\" class=\"panel-collapse collapse in\"><div class=\"panel-body toggle-content fusion-clearfix\">\n<p>Durant el per\u00edode de l&#8217;01\/06 a l&#8217;01\/09, es carregar\u00e0 un 20% en concepte de dip\u00f2sit, que es retornar\u00e0 si es compleixen les condicions de cancel\u00b7laci\u00f3.<\/p>\n<\/div><\/div><\/div><div class=\"fusion-panel panel-default\"><div class=\"panel-heading\"><h4 class=\"panel-title toggle\"><a class=\"active\" aria-expanded=\"true\" aria-controls=\"5bc3dc9914f7de920\" role=\"button\" data-toggle=\"collapse\" data-parent=\"#accordion-3336-1\" data-target=\"#5bc3dc9914f7de920\" href=\"#5bc3dc9914f7de920\"><span class=\"fusion-toggle-icon-wrapper\" aria-hidden=\"true\"><i class=\"fa-fusion-box\" aria-hidden=\"true\"><\/i><\/span><span class=\"fusion-toggle-heading\">Cancel\u00b7lacions<\/span><\/a><\/h4><\/div><div id=\"5bc3dc9914f7de920\" class=\"panel-collapse collapse in\"><div class=\"panel-body toggle-content fusion-clearfix\">\n<p>Podeu cancel\u00b7lar la vostra reserva enviant un correu electr\u00f2nic fins a una setmana abans de la data d&#8217;entrada. Si no compliu aquestes dates o no us presenteu, se us cobrar\u00e0 l&#8217;import de la 1a nit.<\/p>\n<\/div><\/div><\/div><div class=\"fusion-panel panel-default\"><div class=\"panel-heading\"><h4 class=\"panel-title toggle\"><a class=\"active\" aria-expanded=\"true\" aria-controls=\"2f22dcbf05a809587\" role=\"button\" data-toggle=\"collapse\" data-parent=\"#accordion-3336-1\" data-target=\"#2f22dcbf05a809587\" href=\"#2f22dcbf05a809587\"><span class=\"fusion-toggle-icon-wrapper\" aria-hidden=\"true\"><i class=\"fa-fusion-box\" aria-hidden=\"true\"><\/i><\/span><span class=\"fusion-toggle-heading\">Recepci\u00f3<\/span><\/a><\/h4><\/div><div id=\"2f22dcbf05a809587\" class=\"panel-collapse collapse in\"><div class=\"panel-body toggle-content fusion-clearfix\">\n<p>L&#8217;horari \u00e9s de dilluns a dissabte de 9 a 13h i de 16 a 19h. Fora d&#8217;aquest horari tenim servei de consergeria al mateix edifici. A m\u00e9s, et facilitarem un codi num\u00e8ric amb la reserva perqu\u00e8 tu mateix puguis obrir la porta de l&#8217;edifici.<\/p>\n<\/div><\/div><\/div><div class=\"fusion-panel panel-default\"><div class=\"panel-heading\"><h4 class=\"panel-title toggle\"><a class=\"active\" aria-expanded=\"true\" aria-controls=\"5f957e367cb081f39\" role=\"button\" data-toggle=\"collapse\" data-parent=\"#accordion-3336-1\" data-target=\"#5f957e367cb081f39\" href=\"#5f957e367cb081f39\"><span class=\"fusion-toggle-icon-wrapper\" aria-hidden=\"true\"><i class=\"fa-fusion-box\" aria-hidden=\"true\"><\/i><\/span><span class=\"fusion-toggle-heading\">Check-in \/ Check-out<\/span><\/a><\/h4><\/div><div id=\"5f957e367cb081f39\" class=\"panel-collapse collapse in\"><div class=\"panel-body toggle-content fusion-clearfix\">\n<p>L&#8217;horari de check-in ser\u00e0 de 14 a 19h i el check-out de les 9 a les 11h.<\/p>\n<\/div><\/div><\/div><div class=\"fusion-panel panel-default\"><div class=\"panel-heading\"><h4 class=\"panel-title toggle\"><a class=\"active\" aria-expanded=\"true\" aria-controls=\"c6361367a5817de52\" role=\"button\" data-toggle=\"collapse\" data-parent=\"#accordion-3336-1\" data-target=\"#c6361367a5817de52\" href=\"#c6361367a5817de52\"><span class=\"fusion-toggle-icon-wrapper\" aria-hidden=\"true\"><i class=\"fa-fusion-box\" aria-hidden=\"true\"><\/i><\/span><span class=\"fusion-toggle-heading\">\u00c0pats<\/span><\/a><\/h4><\/div><div id=\"c6361367a5817de52\" class=\"panel-collapse collapse in\"><div class=\"panel-body toggle-content fusion-clearfix\">\n<p>No hi ha servei de restaurant.<\/p>\n<\/div><\/div><\/div><div class=\"fusion-panel panel-default\"><div class=\"panel-heading\"><h4 class=\"panel-title toggle\"><a class=\"active\" aria-expanded=\"true\" aria-controls=\"33a7bf4cda2639f4b\" role=\"button\" data-toggle=\"collapse\" data-parent=\"#accordion-3336-1\" data-target=\"#33a7bf4cda2639f4b\" href=\"#33a7bf4cda2639f4b\"><span class=\"fusion-toggle-icon-wrapper\" aria-hidden=\"true\"><i class=\"fa-fusion-box\" aria-hidden=\"true\"><\/i><\/span><span class=\"fusion-toggle-heading\">Neteja<\/span><\/a><\/h4><\/div><div id=\"33a7bf4cda2639f4b\" class=\"panel-collapse collapse in\"><div class=\"panel-body toggle-content fusion-clearfix\">\n<p>La neteja es fa cada 5 dies, amb canvi de roba de llit i tovalloles.<\/p>\n<\/div><\/div><\/div><div class=\"fusion-panel panel-default\"><div class=\"panel-heading\"><h4 class=\"panel-title toggle\"><a class=\"active\" aria-expanded=\"true\" aria-controls=\"560c14a4a0bb1b206\" role=\"button\" data-toggle=\"collapse\" data-parent=\"#accordion-3336-1\" data-target=\"#560c14a4a0bb1b206\" href=\"#560c14a4a0bb1b206\"><span class=\"fusion-toggle-icon-wrapper\" aria-hidden=\"true\"><i class=\"fa-fusion-box\" aria-hidden=\"true\"><\/i><\/span><span class=\"fusion-toggle-heading\">Mascotes<\/span><\/a><\/h4><\/div><div id=\"560c14a4a0bb1b206\" class=\"panel-collapse collapse in\"><div class=\"panel-body toggle-content fusion-clearfix\">\n<p>No s&#8217;admeten mascotes.<\/p>\n<\/div><\/div><\/div><div class=\"fusion-panel panel-default\"><div class=\"panel-heading\"><h4 class=\"panel-title toggle\"><a class=\"active\" aria-expanded=\"true\" aria-controls=\"1cdf954b23b0e2f2f\" role=\"button\" data-toggle=\"collapse\" data-parent=\"#accordion-3336-1\" data-target=\"#1cdf954b23b0e2f2f\" href=\"#1cdf954b23b0e2f2f\"><span class=\"fusion-toggle-icon-wrapper\" aria-hidden=\"true\"><i class=\"fa-fusion-box\" aria-hidden=\"true\"><\/i><\/span><span class=\"fusion-toggle-heading\">Normes de conviv\u00e8ncia<\/span><\/a><\/h4><\/div><div id=\"1cdf954b23b0e2f2f\" class=\"panel-collapse collapse in\"><div class=\"panel-body toggle-content fusion-clearfix\">\n<p>Es prega que respecteu el descans dels ve\u00efns i que no feu soroll a partir de les 22h. No es poden fer festes als apartaments.<br \/>\nEs prega que feu un bon \u00fas de les instal\u00b7lacions i serveis comuns.<\/p>\n<\/div><\/div><\/div><div class=\"fusion-panel panel-default\"><div class=\"panel-heading\"><h4 class=\"panel-title toggle\"><a class=\"active\" aria-expanded=\"true\" aria-controls=\"255aa3b949ba4bd57\" role=\"button\" data-toggle=\"collapse\" data-parent=\"#accordion-3336-1\" data-target=\"#255aa3b949ba4bd57\" href=\"#255aa3b949ba4bd57\"><span class=\"fusion-toggle-icon-wrapper\" aria-hidden=\"true\"><i class=\"fa-fusion-box\" aria-hidden=\"true\"><\/i><\/span><span class=\"fusion-toggle-heading\">Espai lliure de fum<\/span><\/a><\/h4><\/div><div id=\"255aa3b949ba4bd57\" class=\"panel-collapse collapse in\"><div class=\"panel-body toggle-content fusion-clearfix\">\n<p>No es permet fumar dins dels apartaments.<\/p>\n<\/div><\/div><\/div><div class=\"fusion-panel panel-default\"><div class=\"panel-heading\"><h4 class=\"panel-title toggle\"><a class=\"active\" aria-expanded=\"true\" aria-controls=\"7d49860fd2d891dd6\" role=\"button\" data-toggle=\"collapse\" data-parent=\"#accordion-3336-1\" data-target=\"#7d49860fd2d891dd6\" href=\"#7d49860fd2d891dd6\"><span class=\"fusion-toggle-icon-wrapper\" aria-hidden=\"true\"><i class=\"fa-fusion-box\" aria-hidden=\"true\"><\/i><\/span><span class=\"fusion-toggle-heading\">Escombraries<\/span><\/a><\/h4><\/div><div id=\"7d49860fd2d891dd6\" class=\"panel-collapse collapse in\"><div class=\"panel-body toggle-content fusion-clearfix\">\n<p>Els clients han de depositar les escombraries als contenidors del carrer; \u00e9s aconsellable fer-ho a partir de les 19h.<\/p>\n<\/div><\/div><\/div><\/div><\/div><div class=\"fusion-clearfix\"><\/div><\/div><\/div><\/div><\/div>\n","protected":false},"excerpt":{"rendered":"","protected":false},"author":5,"featured_media":0,"parent":0,"menu_order":0,"comment_status":"closed","ping_status":"closed","template":"100-width.php","meta":{"footnotes":""},"class_list":["post-3336","page","type-page","status-publish","hentry"],"yoast_head":"<!-- This site is optimized with the Yoast SEO plugin v26.9 - https:\/\/yoast.com\/product\/yoast-seo-wordpress\/ -->\n<title>Condiciones - APARTAMENTOS ASTORIA<\/title>\n<meta name=\"robots\" content=\"noindex, follow\" \/>\n<meta property=\"og:locale\" content=\"ca_ES\" \/>\n<meta property=\"og:type\" content=\"article\" \/>\n<meta property=\"og:title\" content=\"Condiciones - APARTAMENTOS ASTORIA\" \/>\n<meta property=\"og:url\" content=\"https:\/\/www.apartamentosastoria.com\/ca\/condicions\/\" \/>\n<meta property=\"og:site_name\" content=\"APARTAMENTOS ASTORIA\" \/>\n<meta property=\"article:modified_time\" content=\"2020-09-03T11:18:43+00:00\" \/>\n<meta name=\"twitter:card\" content=\"summary_large_image\" \/>\n<meta name=\"twitter:label1\" content=\"Temps estimat de lectura\" \/>\n\t<meta name=\"twitter:data1\" content=\"4 minuts\" \/>\n<script type=\"application\/ld+json\" class=\"yoast-schema-graph\">{\"@context\":\"https:\/\/schema.org\",\"@graph\":[{\"@type\":\"WebPage\",\"@id\":\"https:\/\/www.apartamentosastoria.com\/ca\/condicions\/\",\"url\":\"https:\/\/www.apartamentosastoria.com\/ca\/condicions\/\",\"name\":\"Condiciones - APARTAMENTOS ASTORIA\",\"isPartOf\":{\"@id\":\"https:\/\/www.apartamentosastoria.com\/#website\"},\"datePublished\":\"2020-02-17T16:43:52+00:00\",\"dateModified\":\"2020-09-03T11:18:43+00:00\",\"breadcrumb\":{\"@id\":\"https:\/\/www.apartamentosastoria.com\/ca\/condicions\/#breadcrumb\"},\"inLanguage\":\"ca\",\"potentialAction\":[{\"@type\":\"ReadAction\",\"target\":[\"https:\/\/www.apartamentosastoria.com\/ca\/condicions\/\"]}]},{\"@type\":\"BreadcrumbList\",\"@id\":\"https:\/\/www.apartamentosastoria.com\/ca\/condicions\/#breadcrumb\",\"itemListElement\":[{\"@type\":\"ListItem\",\"position\":1,\"name\":\"Home\",\"item\":\"https:\/\/www.apartamentosastoria.com\/ca\/\"},{\"@type\":\"ListItem\",\"position\":2,\"name\":\"Condiciones\"}]},{\"@type\":\"WebSite\",\"@id\":\"https:\/\/www.apartamentosastoria.com\/#website\",\"url\":\"https:\/\/www.apartamentosastoria.com\/\",\"name\":\"APARTAMENTOS ASTORIA\",\"description\":\"\",\"potentialAction\":[{\"@type\":\"SearchAction\",\"target\":{\"@type\":\"EntryPoint\",\"urlTemplate\":\"https:\/\/www.apartamentosastoria.com\/?s={search_term_string}\"},\"query-input\":{\"@type\":\"PropertyValueSpecification\",\"valueRequired\":true,\"valueName\":\"search_term_string\"}}],\"inLanguage\":\"ca\"}]}<\/script>\n<!-- \/ Yoast SEO plugin. -->","yoast_head_json":{"title":"Condiciones - APARTAMENTOS ASTORIA","robots":{"index":"noindex","follow":"follow"},"og_locale":"ca_ES","og_type":"article","og_title":"Condiciones - APARTAMENTOS ASTORIA","og_url":"https:\/\/www.apartamentosastoria.com\/ca\/condicions\/","og_site_name":"APARTAMENTOS ASTORIA","article_modified_time":"2020-09-03T11:18:43+00:00","twitter_card":"summary_large_image","twitter_misc":{"Temps estimat de lectura":"4 minuts"},"schema":{"@context":"https:\/\/schema.org","@graph":[{"@type":"WebPage","@id":"https:\/\/www.apartamentosastoria.com\/ca\/condicions\/","url":"https:\/\/www.apartamentosastoria.com\/ca\/condicions\/","name":"Condiciones - APARTAMENTOS ASTORIA","isPartOf":{"@id":"https:\/\/www.apartamentosastoria.com\/#website"},"datePublished":"2020-02-17T16:43:52+00:00","dateModified":"2020-09-03T11:18:43+00:00","breadcrumb":{"@id":"https:\/\/www.apartamentosastoria.com\/ca\/condicions\/#breadcrumb"},"inLanguage":"ca","potentialAction":[{"@type":"ReadAction","target":["https:\/\/www.apartamentosastoria.com\/ca\/condicions\/"]}]},{"@type":"BreadcrumbList","@id":"https:\/\/www.apartamentosastoria.com\/ca\/condicions\/#breadcrumb","itemListElement":[{"@type":"ListItem","position":1,"name":"Home","item":"https:\/\/www.apartamentosastoria.com\/ca\/"},{"@type":"ListItem","position":2,"name":"Condiciones"}]},{"@type":"WebSite","@id":"https:\/\/www.apartamentosastoria.com\/#website","url":"https:\/\/www.apartamentosastoria.com\/","name":"APARTAMENTOS ASTORIA","description":"","potentialAction":[{"@type":"SearchAction","target":{"@type":"EntryPoint","urlTemplate":"https:\/\/www.apartamentosastoria.com\/?s={search_term_string}"},"query-input":{"@type":"PropertyValueSpecification","valueRequired":true,"valueName":"search_term_string"}}],"inLanguage":"ca"}]}},"_links":{"self":[{"href":"https:\/\/www.apartamentosastoria.com\/ca\/wp-json\/wp\/v2\/pages\/3336","targetHints":{"allow":["GET"]}}],"collection":[{"href":"https:\/\/www.apartamentosastoria.com\/ca\/wp-json\/wp\/v2\/pages"}],"about":[{"href":"https:\/\/www.apartamentosastoria.com\/ca\/wp-json\/wp\/v2\/types\/page"}],"author":[{"embeddable":true,"href":"https:\/\/www.apartamentosastoria.com\/ca\/wp-json\/wp\/v2\/users\/5"}],"replies":[{"embeddable":true,"href":"https:\/\/www.apartamentosastoria.com\/ca\/wp-json\/wp\/v2\/comments?post=3336"}],"version-history":[{"count":0,"href":"https:\/\/www.apartamentosastoria.com\/ca\/wp-json\/wp\/v2\/pages\/3336\/revisions"}],"wp:attachment":[{"href":"https:\/\/www.apartamentosastoria.com\/ca\/wp-json\/wp\/v2\/media?parent=3336"}],"curies":[{"name":"wp","href":"https:\/\/api.w.org\/{rel}","templated":true}]}}